{"id":5484,"date":"2013-06-12T18:30:36","date_gmt":"2013-06-12T18:30:36","guid":{"rendered":"http:\/\/www.charlescarson.com\/?page_id=5484"},"modified":"2022-07-13T12:38:35","modified_gmt":"2022-07-13T17:38:35","slug":"exposition-permanente","status":"publish","type":"page","link":"https:\/\/charlescarson.com\/?page_id=5484","title":{"rendered":"Expositions permanentes (CONTACT)"},"content":{"rendered":"<table class=\" alignleft\" border=\"0\" width=\"982\">\n<tbody>\n<tr>\n<td width=\"30%\"><a href=\"http:\/\/www.charlescarson.com\/wp-content\/uploads\/2009\/05\/Galerie-dart-Richelieu_Charles_Carson_OK.jpg\"><img loading=\"lazy\" decoding=\"async\" class=\"alignnone wp-image-7434 \" src=\"http:\/\/www.charlescarson.com\/wp-content\/uploads\/2009\/05\/Galerie-dart-Richelieu_Charles_Carson_OK-450x262.jpg\" alt=\"\" width=\"403\" height=\"235\" srcset=\"https:\/\/www.charlescarson.com\/wp-content\/uploads\/2009\/05\/Galerie-dart-Richelieu_Charles_Carson_OK-450x262.jpg 450w, https:\/\/www.charlescarson.com\/wp-content\/uploads\/2009\/05\/Galerie-dart-Richelieu_Charles_Carson_OK-150x87.jpg 150w, https:\/\/www.charlescarson.com\/wp-content\/uploads\/2009\/05\/Galerie-dart-Richelieu_Charles_Carson_OK-1024x596.jpg 1024w, https:\/\/www.charlescarson.com\/wp-content\/uploads\/2009\/05\/Galerie-dart-Richelieu_Charles_Carson_OK-100x58.jpg 100w, https:\/\/www.charlescarson.com\/wp-content\/uploads\/2009\/05\/Galerie-dart-Richelieu_Charles_Carson_OK-300x174.jpg 300w, https:\/\/www.charlescarson.com\/wp-content\/uploads\/2009\/05\/Galerie-dart-Richelieu_Charles_Carson_OK.jpg 1894w\" sizes=\"auto, (max-width: 403px) 100vw, 403px\" \/><\/a><\/td>\n<td>\n<h1>Galerie d&rsquo;art Richelieu &#8211; (Montr\u00e9al, QC)<\/h1>\n<p>Aussi spacieuse qu&rsquo;un mus\u00e9e, aussi accueillante qu&rsquo;une maison d&rsquo;amis.<br \/>\nla Galerie Richelieu c&rsquo;est :<\/p>\n<ul>\n<li>un univers lumineux et harmonieux<\/li>\n<li>8 000 pieds carr\u00e9s d&rsquo;exposition<\/li>\n<li>un \u00e9ventail sans cesse enrichi d&rsquo;artistes du Qu\u00e9bec et d&rsquo;ailleurs, d&rsquo;hier et d&rsquo;aujourd&rsquo;hui<\/li>\n<li>un grand choix d&rsquo;oeuvres, de styles, de mati\u00e8res<\/li>\n<\/ul>\n<p><strong>Charles Carson, grand ma\u00eetre en beaux-arts, exposition permanente.<\/strong><\/p>\n<p><em><strong>Voir : \u00a0<\/strong><\/em><a href=\"http:\/\/www.galerierichelieu.com\/v0\/artiste.php?Artiste_ID=9&amp;Lang=FR\" target=\"_blank\" rel=\"noopener\"><strong>www.galerierichelieu.com<\/strong><br \/>\n<\/a>T\u00e9l: 514-381-2247<\/td>\n<\/tr>\n<\/tbody>\n<\/table>\n<p>&nbsp;<\/p>\n<p>&nbsp;<\/p>\n<table class=\" alignleft\" border=\"0\" width=\"982\">\n<tbody>\n<tr>\n<td width=\"30%\"><img loading=\"lazy\" decoding=\"async\" class=\"alignnone wp-image-9983 size-medium\" src=\"http:\/\/www.charlescarson.ca\/wp-content\/uploads\/2013\/06\/Inglewood-Fine-Art-450x335.jpg\" alt=\"\" width=\"450\" height=\"335\" srcset=\"https:\/\/www.charlescarson.com\/wp-content\/uploads\/2013\/06\/Inglewood-Fine-Art-450x335.jpg 450w, https:\/\/www.charlescarson.com\/wp-content\/uploads\/2013\/06\/Inglewood-Fine-Art-150x112.jpg 150w, https:\/\/www.charlescarson.com\/wp-content\/uploads\/2013\/06\/Inglewood-Fine-Art-768x572.jpg 768w, https:\/\/www.charlescarson.com\/wp-content\/uploads\/2013\/06\/Inglewood-Fine-Art-1024x763.jpg 1024w, https:\/\/www.charlescarson.com\/wp-content\/uploads\/2013\/06\/Inglewood-Fine-Art-100x74.jpg 100w, https:\/\/www.charlescarson.com\/wp-content\/uploads\/2013\/06\/Inglewood-Fine-Art-300x223.jpg 300w, https:\/\/www.charlescarson.com\/wp-content\/uploads\/2013\/06\/Inglewood-Fine-Art.jpg 2048w\" sizes=\"auto, (max-width: 450px) 100vw, 450px\" \/><\/td>\n<td>\n<h1>Inglewood Fine Art Gallery &#8211; (Calgary, AB)<\/h1>\n<p>Owner\/director Michel Arseneau opened Inglewood Fine Arts to showcase the art of select contemporary artists in permanent exhibition. His friendship with internationally acclaimed Canadian artist\u00a0<a href=\"http:\/\/www.inglewoodfinearts.com\/Charles-Carson\">Charles Carson<\/a>\u00a0served as a major impetus for the venture. The concept of a restricted number of artists in permanent exhibition has been preferred to that of rotating shows in that it allows for a better representation of the artists and provides a more enjoyable visual experience to visitors of the gallery.<\/p>\n<p>Inglewood Fine Arts is proud to present his works by Gran Master Charles Carson\u00a0in permanent exhibition.<\/p>\n<p><strong>Voir :\u00a0<\/strong><a href=\"http:\/\/www.inglewoodfinearts.com\/Charles-Carson\" target=\"_blank\" rel=\"noopener\"><strong>http:\/\/www.inglewoodfineart.com<\/strong><br \/>\n<\/a>T\u00e9l: 1-403-262-5011<\/td>\n<\/tr>\n<\/tbody>\n<\/table>\n<p>&nbsp;<\/p>\n<p>&nbsp;<\/p>\n<p>&nbsp;<\/p>\n<p>&nbsp;<\/p>\n<p>&nbsp;<\/p>\n<p>&nbsp;<\/p>\n<p>&nbsp;<\/p>\n<p>&nbsp;<\/p>\n<p>&nbsp;<\/p>\n<p>&nbsp;<\/p>\n<p>&nbsp;<\/p>\n<p>&nbsp;<\/p>\n<p>&nbsp;<\/p>\n<p>&nbsp;<\/p>\n<p>&nbsp;<\/p>\n<p>&nbsp;<\/p>\n<table class=\" alignleft\" border=\"0\" width=\"982\">\n<tbody>\n<tr>\n<td width=\"30%\"><img loading=\"lazy\" decoding=\"async\" class=\"alignnone size-medium wp-image-10065\" src=\"http:\/\/www.charlescarson.ca\/wp-content\/uploads\/2018\/03\/artstaq-450x310.jpg\" alt=\"\" width=\"450\" height=\"310\" srcset=\"https:\/\/www.charlescarson.com\/wp-content\/uploads\/2018\/03\/artstaq-450x310.jpg 450w, https:\/\/www.charlescarson.com\/wp-content\/uploads\/2018\/03\/artstaq-150x103.jpg 150w, https:\/\/www.charlescarson.com\/wp-content\/uploads\/2018\/03\/artstaq-768x530.jpg 768w, https:\/\/www.charlescarson.com\/wp-content\/uploads\/2018\/03\/artstaq-100x69.jpg 100w, https:\/\/www.charlescarson.com\/wp-content\/uploads\/2018\/03\/artstaq-300x207.jpg 300w, https:\/\/www.charlescarson.com\/wp-content\/uploads\/2018\/03\/artstaq.jpg 957w\" sizes=\"auto, (max-width: 450px) 100vw, 450px\" \/><\/td>\n<td>\n<h1>ARTSTAQ\u00a0 (Londres, Angleterre)<\/h1>\n<p><span class=\"html-attribute-value\"><span class=\"st\"><em>ARTSTAQ<\/em> is the world&rsquo;s most innovative art market, where collectors, investors &amp; art lovers meet to trade globally thanks to modern technologies.<\/span><\/span><\/p>\n<p>Voir :\u00a0<a href=\"https:\/\/www.artstaq.com\/artist\/54b3e6bb-9d71-405e-afc9-a688b48117a7?page=0\" target=\"_blank\" rel=\"noopener\">https:\/\/www.artstaq.com<\/a><\/td>\n<\/tr>\n<\/tbody>\n<\/table>\n<p>&nbsp;<\/p>\n<p>&nbsp;<\/p>\n<table class=\" alignleft\" border=\"0\" width=\"982\">\n<tbody>\n<tr>\n<td style=\"width: 294.6px;\" width=\"30%\"><img loading=\"lazy\" decoding=\"async\" class=\"alignnone wp-image-10079 size-medium\" src=\"http:\/\/www.charlescarson.ca\/wp-content\/uploads\/2018\/05\/pic26-450x301.jpg\" alt=\"\" width=\"450\" height=\"301\" srcset=\"https:\/\/www.charlescarson.com\/wp-content\/uploads\/2018\/05\/pic26-450x301.jpg 450w, https:\/\/www.charlescarson.com\/wp-content\/uploads\/2018\/05\/pic26-150x100.jpg 150w, https:\/\/www.charlescarson.com\/wp-content\/uploads\/2018\/05\/pic26-100x67.jpg 100w, https:\/\/www.charlescarson.com\/wp-content\/uploads\/2018\/05\/pic26-300x201.jpg 300w, https:\/\/www.charlescarson.com\/wp-content\/uploads\/2018\/05\/pic26.jpg 504w\" sizes=\"auto, (max-width: 450px) 100vw, 450px\" \/><\/td>\n<td style=\"width: 682px;\">\n<h1>Liss Gallery (Toronto, ON)<\/h1>\n<p>1112 Cumberland Street<br \/>\nToronto, Ontario M5R 1A6<br \/>\nOwner\/director: Brian Liss<\/p>\n<p><strong>Lien: <\/strong><a href=\"http:\/\/www.lissgallery.com\">http:\/\/www.lissgallery.com<\/a><br \/>\n<em><span style=\"color: #545454;\">T\u00e9l: 416-787-9872<br \/>\n<\/span><\/em><\/p>\n<p><a id=\"yui_3_17_2_1_1527205758825_6660\" href=\"mailto:info@lissgallery.com\">info@lissgallery.com<\/a><\/td>\n<\/tr>\n<\/tbody>\n<\/table>\n<p>&nbsp;<\/p>\n<table class=\" alignleft\" border=\"0\" width=\"982\">\n<tbody>\n<tr>\n<td style=\"width: 288.188px;\"><\/td>\n<td style=\"width: 677.812px;\">&nbsp;<\/td>\n<\/tr>\n<\/tbody>\n<\/table>\n<p>&nbsp;<\/p>\n<p>&nbsp;<\/p>\n<p><!--- table class=\" alignleft\" border=\"0\" width=\"982\">\n\n\n<tbody>\n\n\n<tr>\n\n\n<td width=\"30%\"><img loading=\"lazy\" decoding=\"async\" class=\"alignnone wp-image-9987 size-medium\" src=\"http:\/\/www.charlescarson.ca\/wp-content\/uploads\/2013\/06\/Katona-Fine-Art-450x165.jpg\" alt=\"\" width=\"450\" height=\"165\" srcset=\"https:\/\/www.charlescarson.com\/wp-content\/uploads\/2013\/06\/Katona-Fine-Art-450x165.jpg 450w, https:\/\/www.charlescarson.com\/wp-content\/uploads\/2013\/06\/Katona-Fine-Art-150x55.jpg 150w, https:\/\/www.charlescarson.com\/wp-content\/uploads\/2013\/06\/Katona-Fine-Art-768x282.jpg 768w, https:\/\/www.charlescarson.com\/wp-content\/uploads\/2013\/06\/Katona-Fine-Art-100x37.jpg 100w, https:\/\/www.charlescarson.com\/wp-content\/uploads\/2013\/06\/Katona-Fine-Art-300x110.jpg 300w, https:\/\/www.charlescarson.com\/wp-content\/uploads\/2013\/06\/Katona-Fine-Art.jpg 829w\" sizes=\"auto, (max-width: 450px) 100vw, 450px\" \/><\/td>\n\n\n\n\n<td>\n\n\n<h1>Katona Fine Art, Vancouver,<\/h1>\n\n\n\n\n<h2 class=\"p1\" data-fontsize=\"26\" data-lineheight=\"43\">KATONA FINE ART \u2013 UNLEASHED!\nART EXHIBITION<\/h2>\n\n\nWe are hosting an amazing art exhibition on Monday, October 16th and Tuesday, October 17th, 2017 in Vancouver featuring internationally renowned Canadian artists\u00a0<strong><a href=\"https:\/\/katonafineart.com\/artists\/charles-carson-profile\/\">Charles Carson<\/a>,\u00a0<a href=\"https:\/\/katonafineart.com\/artists\/james-picard-profile\/\">James Picard<\/a><\/strong>\u00a0and other incredibly talented local artists.\n\n\n<p style=\"color: #545454;\"><strong>Charles Carson, grand Master of Fine Art en beaux-arts.<\/strong><\/p>\n\n\n<strong>Voir : <a title=\"Katona Fine art\" href=\"https:\/\/katonafineart.com\/artists\/charles-carson-profile\/\">https:\/\/katonafineart.com\u00a0<\/a><\/strong><a href=\"http:\/\/www.askart.com\/askart\/studio\/studio.aspx?Studio=11225625\" target=\"_blank\" rel=\"noopener\">\n<\/a><em>Cell :\u00a0 1-604-619-8709<\/em><a href=\"http:\/\/www.askart.com\/askart\/studio\/studio.aspx?Studio=11225625\" target=\"_blank\" rel=\"noopener\">\n<\/a><\/td>\n\n\n<\/tr>\n\n\n<\/tbody>\n\n\n<\/table --->\n<p>&nbsp;<\/p>\n<table class=\" alignleft\" border=\"0\" width=\"982\">\n<tbody>\n<tr>\n<td width=\"30%\"><a href=\"http:\/\/www.charlescarson.com\/wp-content\/uploads\/2013\/06\/Arte-Autopista-Medellin-Charles-Carson.jpg\"><img loading=\"lazy\" decoding=\"async\" class=\"alignnone wp-image-7753 \" src=\"http:\/\/www.charlescarson.com\/wp-content\/uploads\/2013\/06\/Arte-Autopista-Medellin-Charles-Carson-450x230.jpg\" alt=\"\" width=\"398\" height=\"203\" srcset=\"https:\/\/www.charlescarson.com\/wp-content\/uploads\/2013\/06\/Arte-Autopista-Medellin-Charles-Carson-450x230.jpg 450w, https:\/\/www.charlescarson.com\/wp-content\/uploads\/2013\/06\/Arte-Autopista-Medellin-Charles-Carson-150x76.jpg 150w, https:\/\/www.charlescarson.com\/wp-content\/uploads\/2013\/06\/Arte-Autopista-Medellin-Charles-Carson-1024x525.jpg 1024w, https:\/\/www.charlescarson.com\/wp-content\/uploads\/2013\/06\/Arte-Autopista-Medellin-Charles-Carson-100x51.jpg 100w, https:\/\/www.charlescarson.com\/wp-content\/uploads\/2013\/06\/Arte-Autopista-Medellin-Charles-Carson-300x153.jpg 300w\" sizes=\"auto, (max-width: 398px) 100vw, 398px\" \/><\/a><\/td>\n<td>\n<h1>Galeria Arte Autopista (Medellin, Colombia)<\/h1>\n<p><span style=\"color: #141823;\">La Galer\u00eda Arte Autopista tiene m\u00e1s de 40 a\u00f1os en el mercado. Adem\u00e1s de exposiciones de artistas nacionales y extranjeros, realiza valoraci\u00f3n de colecciones, ofrece obras de arte del mercado secundario y organiza subastas de arte.<\/span><\/p>\n<p><b>Dr Hildebrando Mejia y Anna Lucia Mejia<br \/>\n<\/b>Calle 10 B # 28-41<br \/>\nEl Poblado, Medellin<\/p>\n<p style=\"color: #545454;\"><strong><span style=\"color: #000000;\">Charles Carson, grand ma\u00eetre en beaux-arts, exposition permanente.<\/span><\/strong><\/p>\n<p><strong>Voir :\u00a0<\/strong><a href=\"https:\/\/www.youtube.com\/watch?v=zMaLVqtx1mw\"><strong>www.arteautopista.com<\/strong><br \/>\n<em><span style=\"color: #000000;\">Cell: (01157) 315- 535-8459<\/span><\/em><br \/>\n<\/a><\/td>\n<\/tr>\n<\/tbody>\n<\/table>\n<p>&nbsp;<\/p>\n<p>&nbsp;<\/p>\n<table class=\" alignleft\" border=\"0\" width=\"982\">\n<tbody>\n<tr>\n<td width=\"30%\"><a href=\"http:\/\/www.charlescarson.com\/wp-content\/uploads\/2013\/06\/artprice700.jpg\"><img loading=\"lazy\" decoding=\"async\" class=\"alignnone wp-image-7733 \" src=\"http:\/\/www.charlescarson.com\/wp-content\/uploads\/2013\/06\/artprice700-450x225.jpg\" alt=\"\" width=\"398\" height=\"199\" srcset=\"https:\/\/www.charlescarson.com\/wp-content\/uploads\/2013\/06\/artprice700-450x225.jpg 450w, https:\/\/www.charlescarson.com\/wp-content\/uploads\/2013\/06\/artprice700-150x75.jpg 150w, https:\/\/www.charlescarson.com\/wp-content\/uploads\/2013\/06\/artprice700-100x50.jpg 100w, https:\/\/www.charlescarson.com\/wp-content\/uploads\/2013\/06\/artprice700-300x150.jpg 300w, https:\/\/www.charlescarson.com\/wp-content\/uploads\/2013\/06\/artprice700.jpg 680w\" sizes=\"auto, (max-width: 398px) 100vw, 398px\" \/><\/a><\/td>\n<td>\n<h1>Art Price \u00a0(Paris, France)<\/h1>\n<p><strong>LEADER MONDIAL DE L&rsquo;INFORMATION SUR LE MARCHE DE L&rsquo;ART<\/strong><\/p>\n<p style=\"color: #545454;\"><span class=\"html-attribute-value\">Artprice est le leader mondial des banques de donn\u00e9es sur la cotation et les indices de l&rsquo;Art avec plus de 30 millions d&rsquo;indices et r\u00e9sultats de ventes de plus de 540 000 artistes en provenance de 4500 maisons de ventes aux ench\u00e8res d&rsquo;art dans toutes les disciplines peinture, dessin, sculpture, photographie, estampes, multim\u00e9dia.<\/span><\/p>\n<p style=\"color: #545454;\"><strong><span style=\"color: #000000;\">Information sur Charles Carson, grand ma\u00eetre en beaux-arts<\/span><\/strong><\/p>\n<\/td>\n<\/tr>\n<\/tbody>\n<\/table>\n<p>&nbsp;<\/p>\n<p>&nbsp;<\/p>\n<table class=\" alignleft\" border=\"0\" width=\"982\">\n<tbody>\n<tr>\n<td width=\"30%\"><a href=\"http:\/\/www.charlescarson.com\/wp-content\/uploads\/2013\/06\/Drouot-Cotation-Charles-Carson.jpg\"><img loading=\"lazy\" decoding=\"async\" class=\"alignnone wp-image-7741 \" src=\"http:\/\/www.charlescarson.com\/wp-content\/uploads\/2013\/06\/Drouot-Cotation-Charles-Carson-450x259.jpg\" alt=\"\" width=\"398\" height=\"229\" srcset=\"https:\/\/www.charlescarson.com\/wp-content\/uploads\/2013\/06\/Drouot-Cotation-Charles-Carson-450x259.jpg 450w, https:\/\/www.charlescarson.com\/wp-content\/uploads\/2013\/06\/Drouot-Cotation-Charles-Carson-150x86.jpg 150w, https:\/\/www.charlescarson.com\/wp-content\/uploads\/2013\/06\/Drouot-Cotation-Charles-Carson-1024x590.jpg 1024w, https:\/\/www.charlescarson.com\/wp-content\/uploads\/2013\/06\/Drouot-Cotation-Charles-Carson-100x57.jpg 100w, https:\/\/www.charlescarson.com\/wp-content\/uploads\/2013\/06\/Drouot-Cotation-Charles-Carson-300x173.jpg 300w\" sizes=\"auto, (max-width: 398px) 100vw, 398px\" \/><\/a><\/td>\n<td>\n<h1>Drouot Cotation &#8211; (Paris, France)<\/h1>\n<p><strong>Dictionnaire des Artistes Cot\u00e9s du XV<sup>e \u00a0<\/sup>si\u00e8cle \u00e0 nos jours<\/strong><\/p>\n<p>Le Dictionnaire DROUOT COTATION Larousse publie \u00a0plus de 130 000 ventes de tableaux, dessins, gravures, sculptures, photos et arts du feu, du XVe si\u00e8cle \u00e0 nos jours. R\u00e9alis\u00e9 sous la direction de\u00a0<strong style=\"font-style: inherit;\">*Christian SORRIANO-pr\u00e9sident de DROUOT COTATION \u00e0 Paris<\/strong>, association d\u2019experts et de commissaires-priseurs, cet ouvrage est accessible \u00e0 tous les publics pour estimer, acheter ou vendre des \u0153uvres.<\/p>\n<p>R\u00e9dig\u00e9e sous la responsabilit\u00e9 de commissaires-priseurs et d\u2019experts, le Dictionnaire de Cotation renouvel\u00e9 et r\u00e9actualis\u00e9 offre un large panorama du march\u00e9 de l\u2019art d\u2019aujourd\u2019hui, et refl\u00e8te fid\u00e8lement toutes les \u0153uvres significatives qui se vendent et s\u2019ach\u00e8tent dans le monde. La reproduction de 10 300 \u0153uvres fait de ce Dictionnaire la plus grande galerie d\u2019art jamais publi\u00e9e.<\/p>\n<p><strong>Cotation agr\u00e9\u00e9e de Charles Carson, grand ma\u00eetre en beaux-arts<\/strong><\/p>\n<p>Voir :\u00a0<a href=\"http:\/\/carson.dictionnairedesartistescotes.com\/\" target=\"_blank\" rel=\"noopener\">http:\/\/www.drouot-cotation.com<\/a><\/td>\n<\/tr>\n<\/tbody>\n<\/table>\n<p>&nbsp;<\/p>\n<p>&nbsp;<\/p>\n<p>&nbsp;<\/p>\n","protected":false},"excerpt":{"rendered":"<p>Galerie d&rsquo;art Richelieu &#8211; (Montr\u00e9al, QC) Aussi spacieuse qu&rsquo;un mus\u00e9e, aussi accueillante qu&rsquo;une maison d&rsquo;amis. la Galerie Richelieu c&rsquo;est : un univers lumineux et harmonieux 8 000 pieds carr\u00e9s d&rsquo;exposition un \u00e9ventail sans cesse enrichi d&rsquo;artistes du Qu\u00e9bec et d&rsquo;ailleurs, d&rsquo;hier et d&rsquo;aujourd&rsquo;hui un grand choix d&rsquo;oeuvres, de styles, de mati\u00e8res Charles Carson, grand ma\u00eetre en beaux-arts, exposition permanente. Voir : \u00a0www.galerierichelieu.com T\u00e9l: 514-381-2247 &nbsp; &nbsp; Inglewood Fine Art Gallery &#8211; (Calgary, AB) Owner\/director Michel [&hellip;]<\/p>\n<div align=\"right\"><a href=\"https:\/\/charlescarson.com\/?page_id=5484&#038;catID=\" class=\"read-more\">Voir article complet&#8230;<\/a><\/div>\n","protected":false},"author":2,"featured_media":0,"parent":0,"menu_order":0,"comment_status":"closed","ping_status":"closed","template":"fullwidth-expositions.php","meta":{"footnotes":""},"class_list":["post-5484","page","type-page","status-publish","hentry"],"_links":{"self":[{"href":"https:\/\/charlescarson.com\/index.php?rest_route=\/wp\/v2\/pages\/5484","targetHints":{"allow":["GET"]}}],"collection":[{"href":"https:\/\/charlescarson.com\/index.php?rest_route=\/wp\/v2\/pages"}],"about":[{"href":"https:\/\/charlescarson.com\/index.php?rest_route=\/wp\/v2\/types\/page"}],"author":[{"embeddable":true,"href":"https:\/\/charlescarson.com\/index.php?rest_route=\/wp\/v2\/users\/2"}],"replies":[{"embeddable":true,"href":"https:\/\/charlescarson.com\/index.php?rest_route=%2Fwp%2Fv2%2Fcomments&post=5484"}],"version-history":[{"count":88,"href":"https:\/\/charlescarson.com\/index.php?rest_route=\/wp\/v2\/pages\/5484\/revisions"}],"predecessor-version":[{"id":10286,"href":"https:\/\/charlescarson.com\/index.php?rest_route=\/wp\/v2\/pages\/5484\/revisions\/10286"}],"wp:attachment":[{"href":"https:\/\/charlescarson.com\/index.php?rest_route=%2Fwp%2Fv2%2Fmedia&parent=5484"}],"curies":[{"name":"wp","href":"https:\/\/api.w.org\/{rel}","templated":true}]}}