{"id":2,"date":"2013-02-27T00:10:46","date_gmt":"2013-02-27T00:10:46","guid":{"rendered":"http:\/\/www.charlescarson.com\/?page_id=2"},"modified":"2017-04-27T23:35:45","modified_gmt":"2017-04-27T23:35:45","slug":"sample-page","status":"publish","type":"page","link":"https:\/\/charlescarson.com\/?page_id=2","title":{"rendered":"Entrevues d&rsquo;expert"},"content":{"rendered":"\t\n\t\t<div id=\"boxGallery\" class=\"g-box9930 Gallery-container gallery-box gbox-font\">\n\t\t\t<!-- Regular images -->\n\t\t<script type=\"text\/javascript\">\n\n(function ($) {\n\t\"use strict\";\n    $(document).ready(function(){\n       \/\/lightbox opions\n         $('.gb-light').venobox({\n        border: '0px',\n        bgcolor: '#d2d2d2',\n        spinColor: '#b6b6b6',  \n        spinner: 'double-bounce',   \n        titlePosition: 'bottom'   \n        }); \n\n   if ( $('.g-box9930').length > 0 )\n    {\n        var $gbox_smasonry9930 = $('.g-box9930').isotope({\n            itemSelector : '.gb-masonry9930',\n            \/\/masonry: {\n                \/\/columnWidth: '.grid-sizer'\n            \/\/}\n        });\n\n        $gbox_smasonry9930.imagesLoaded().progress( function() {\n            $gbox_smasonry9930.isotope('layout');\n            \n        });\n\n  \/\/ Isotope Load more button\n  var initShow = 10; \n  var counter = initShow; \n  var iso = $gbox_smasonry9930.data('isotope'); \n  loadMore(initShow); \n\n  function loadMore(toShow) {\n    $gbox_smasonry9930.find(\".hidden\").removeClass(\"hidden\");\n\n    var hiddenElems = iso.filteredItems.slice(toShow, iso.filteredItems.length).map(function(item) {\n      return item.element;\n    });\n    $(hiddenElems).addClass('hidden');\n    $gbox_smasonry9930.isotope('layout');\n\n    \/\/when no more to load, hide show more button\n    if (hiddenElems.length == 0) {\n      jQuery(\"#load-more9930\").hide();\n    } else {\n      jQuery(\"#load-more9930\").show();\n    };\n\n  }\n  \/\/append load more button\n  $gbox_smasonry9930.after('<div id=\"gbload-btn9930\"><button id=\"load-more9930\"  class=\"gbox-loadmore\">Load More<\/button><\/div>');\n  \/\/when load more button clicked\n  $(\"#load-more9930\").click(function() {\n    if ($('#filters').data('clicked')) {\n      \/\/when filter button clicked, set initial value for counter\n      counter = initShow;\n      $('#filters').data('clicked', false);\n    } else {\n      counter = counter;\n    };\n    counter = counter + initShow;\n    loadMore(counter);\n  });\n  \/\/when filter button clicked\n  $(\"#filters\").click(function() {\n    $(this).data('clicked', true);\n    loadMore(initShow);\n  });\n\n    }\/\/check image not empty\n\n\n    });\n}(jQuery));\t\n\n<\/script>\n<style type=\"text\/css\">\n\n\t#boxGallery .you-gallery9930{\n\t\tborder:2px solid #ffffff ;\n\t}\n\t#boxGallery .you-gallery9930 h2{\n\t\tcolor: #ffffff;\n\t\tfont-size: 17px;\n\t\ttext-transform: uppercase;\n\t\tpadding: 20px;\n\n\t}\n\t#boxGallery .you-gallery9930 h2:before{\n\t\tbackground-color: #000000;\n\t\topacity: 0.75;\n\n\t}\n\t#boxGallery .you-gallery9930.hover button.info,\n\t#boxGallery .you-gallery9930.hover .gbox-icon i{\n\t\t\tcolor: #ffffff;\n\t    \tborder: 1px solid #ffffff;\n\t    \tfont-size: 14px;\n\t\t}\n\t\t\t#load-more9930{\n\t\t\tdisplay: block;\n\t\t}\n\t\t#load-more9930{\n\t\t\tdisplay: block;\n\t\t\twidth: 100%\n\t\t}\n\t\t\t#load-more9930{\n\t\t\tbackground: #cccccc;\n\t\t\tcolor: #000000;\n\t\t}\n\t\t#load-more9930:hover{\n\t\t\tbackground: #ffffff;\n\t\t\tcolor: #555555;\n\t\t}\n \n\n\n<\/style>\n\n\t\t\n\n\t\t<div class=\"gcolumn-2 you-gallery you-gallery9930 hover ehover13 gb-masonry9930\">\n\t\t<div class=\"you-margin gbox-youtube\">\n\t\t\t<a class=\"gb-light youlight\" data-autoplay=\"true\" data-vbtype=\"video\" href=\"http:\/\/www.youtube.com\/watch?v=zMaLVqtx1mw\" data-gall=\"yougallery9930\" title=\"Dr. Hildebrando Mejia, Galerie Arte Autopista, Medellin Colombie - Charles Carson, ma\u00eetre en beaux-arts\">\n\t\t\t\t\t\t <img decoding=\"async\" src=\"\/\/img.youtube.com\/vi\/zMaLVqtx1mw\/hqdefault.jpg\" \n\t\t\t alt=\"Vid\u00e9os\" title=\"Dr. Hildebrando Mejia, Galerie Arte Autopista, Medellin Colombie - Charles Carson, ma\u00eetre en beaux-arts\" \/>\n\t\t\t \t\t\t \t\t\t <div class=\"play-btn\"><i class=\"fa fa-play-circle-o\"><\/i><\/div>\n\t\t\t\t\t\t\t<div class=\"overlay you-overlay\">\n\t\t\t\t\t<h2 class=\"youtube-title\">Dr. Hildebrando Mejia, Galerie Arte Autopista, Medellin Colombie - Charles Carson, ma\u00eetre en beaux-arts<\/h2>\n\t\t\t\t\t\t\t\t\t<button class=\"info youtube-btn\">\n\t\t\t\t\t\tVOIR\t\t\t\t\t<\/button>\n\t\t\t\t\t\t\t\t<\/div>\n\t\t\t<\/a>\n\t\t<\/div>\n\t\t<\/div>\n\t\t\t\t\n\n\t\t<div class=\"gcolumn-2 you-gallery you-gallery9930 hover ehover13 gb-masonry9930\">\n\t\t<div class=\"you-margin gbox-youtube\">\n\t\t\t<a class=\"gb-light youlight\" data-autoplay=\"true\" data-vbtype=\"video\" href=\"http:\/\/www.youtube.com\/watch?v=7axqe4NVHUQ\" data-gall=\"yougallery9930\" title=\"Gala Academia XXI - Charles Carson, 11 mai 2013, Laur\u00e9at \u00e0 titre de Grand ma\u00eetre en Beaux-Arts\">\n\t\t\t\t\t\t <img decoding=\"async\" src=\"\/\/img.youtube.com\/vi\/7axqe4NVHUQ\/hqdefault.jpg\" \n\t\t\t alt=\"Vid\u00e9os\" title=\"Gala Academia XXI - Charles Carson, 11 mai 2013, Laur\u00e9at \u00e0 titre de Grand ma\u00eetre en Beaux-Arts\" \/>\n\t\t\t \t\t\t \t\t\t <div class=\"play-btn\"><i class=\"fa fa-play-circle-o\"><\/i><\/div>\n\t\t\t\t\t\t\t<div class=\"overlay you-overlay\">\n\t\t\t\t\t<h2 class=\"youtube-title\">Gala Academia XXI - Charles Carson, 11 mai 2013, Laur\u00e9at \u00e0 titre de Grand ma\u00eetre en Beaux-Arts<\/h2>\n\t\t\t\t\t\t\t\t\t<button class=\"info youtube-btn\">\n\t\t\t\t\t\tVOIR\t\t\t\t\t<\/button>\n\t\t\t\t\t\t\t\t<\/div>\n\t\t\t<\/a>\n\t\t<\/div>\n\t\t<\/div>\n\t\t\t\t\n\n\t\t<div class=\"gcolumn-2 you-gallery you-gallery9930 hover ehover13 gb-masonry9930\">\n\t\t<div class=\"you-margin gbox-youtube\">\n\t\t\t<a class=\"gb-light youlight\" data-autoplay=\"true\" data-vbtype=\"video\" href=\"http:\/\/youtu.be\/J2QXldlfLgQ\" data-gall=\"yougallery9930\" title=\"Luigi Liberatore, Collectionneur \/ Investissements Elmag \/ Golf le Griffon \/ Fondation Luigi Liberatore\">\n\t\t\t\t\t\t <img decoding=\"async\" src=\"\/\/img.youtube.com\/vi\/J2QXldlfLgQ\/hqdefault.jpg\" \n\t\t\t alt=\"Vid\u00e9os\" title=\"Luigi Liberatore, Collectionneur \/ Investissements Elmag \/ Golf le Griffon \/ Fondation Luigi Liberatore\" \/>\n\t\t\t \t\t\t \t\t\t <div class=\"play-btn\"><i class=\"fa fa-play-circle-o\"><\/i><\/div>\n\t\t\t\t\t\t\t<div class=\"overlay you-overlay\">\n\t\t\t\t\t<h2 class=\"youtube-title\">Luigi Liberatore, Collectionneur \/ Investissements Elmag \/ Golf le Griffon \/ Fondation Luigi Liberatore<\/h2>\n\t\t\t\t\t\t\t\t\t<button class=\"info youtube-btn\">\n\t\t\t\t\t\tVOIR\t\t\t\t\t<\/button>\n\t\t\t\t\t\t\t\t<\/div>\n\t\t\t<\/a>\n\t\t<\/div>\n\t\t<\/div>\n\t\t\t\t\n\n\t\t<div class=\"gcolumn-2 you-gallery you-gallery9930 hover ehover13 gb-masonry9930\">\n\t\t<div class=\"you-margin gbox-youtube\">\n\t\t\t<a class=\"gb-light youlight\" data-autoplay=\"true\" data-vbtype=\"video\" href=\"http:\/\/youtu.be\/11ZKicvAC50\" data-gall=\"yougallery9930\" title=\"Yves Letourneau, collectionneur d&#039;art, nous parle de Charles Carson, artiste d&#039;un talent incroyable\">\n\t\t\t\t\t\t <img decoding=\"async\" src=\"\/\/img.youtube.com\/vi\/11ZKicvAC50\/hqdefault.jpg\" \n\t\t\t alt=\"Vid\u00e9os\" title=\"Yves Letourneau, collectionneur d&#039;art, nous parle de Charles Carson, artiste d&#039;un talent incroyable\" \/>\n\t\t\t \t\t\t \t\t\t <div class=\"play-btn\"><i class=\"fa fa-play-circle-o\"><\/i><\/div>\n\t\t\t\t\t\t\t<div class=\"overlay you-overlay\">\n\t\t\t\t\t<h2 class=\"youtube-title\">Yves Letourneau, collectionneur d&#039;art, nous parle de Charles Carson, artiste d&#039;un talent incroyable<\/h2>\n\t\t\t\t\t\t\t\t\t<button class=\"info youtube-btn\">\n\t\t\t\t\t\tShow video\t\t\t\t\t<\/button>\n\t\t\t\t\t\t\t\t<\/div>\n\t\t\t<\/a>\n\t\t<\/div>\n\t\t<\/div>\n\t\t\t\t\n\n\t\t<div class=\"gcolumn-2 you-gallery you-gallery9930 hover ehover13 gb-masonry9930\">\n\t\t<div class=\"you-margin gbox-youtube\">\n\t\t\t<a class=\"gb-light youlight\" data-autoplay=\"true\" data-vbtype=\"video\" href=\"http:\/\/www.youtube.com\/watch?v=18y9mmpw4Ck\" data-gall=\"yougallery9930\" title=\"Louis Bruens, (1928-2013) historien, expert et fondateur de l&#039;Acad\u00e9mie Internationale des Beaux Arts du Qu\u00e9bec\">\n\t\t\t\t\t\t <img decoding=\"async\" src=\"\/\/img.youtube.com\/vi\/18y9mmpw4Ck\/hqdefault.jpg\" \n\t\t\t alt=\"Vid\u00e9os\" title=\"Louis Bruens, (1928-2013) historien, expert et fondateur de l&#039;Acad\u00e9mie Internationale des Beaux Arts du Qu\u00e9bec\" \/>\n\t\t\t \t\t\t \t\t\t <div class=\"play-btn\"><i class=\"fa fa-play-circle-o\"><\/i><\/div>\n\t\t\t\t\t\t\t<div class=\"overlay you-overlay\">\n\t\t\t\t\t<h2 class=\"youtube-title\">Louis Bruens, (1928-2013) historien, expert et fondateur de l&#039;Acad\u00e9mie Internationale des Beaux Arts du Qu\u00e9bec<\/h2>\n\t\t\t\t\t\t\t\t\t<button class=\"info youtube-btn\">\n\t\t\t\t\t\tVoir\t\t\t\t\t<\/button>\n\t\t\t\t\t\t\t\t<\/div>\n\t\t\t<\/a>\n\t\t<\/div>\n\t\t<\/div>\n\t\t\t\t\n\n\t\t<div class=\"gcolumn-2 you-gallery you-gallery9930 hover ehover13 gb-masonry9930\">\n\t\t<div class=\"you-margin gbox-youtube\">\n\t\t\t<a class=\"gb-light youlight\" data-autoplay=\"true\" data-vbtype=\"video\" href=\"http:\/\/www.youtube.com\/watch?v=fsQapD3bjCc\" data-gall=\"yougallery9930\" title=\"Christian SORRIANO, Expert en Art &amp; Pr\u00e9sident de Drouot Cotation \u00e0 Paris.\">\n\t\t\t\t\t\t <img decoding=\"async\" src=\"\/\/img.youtube.com\/vi\/fsQapD3bjCc\/hqdefault.jpg\" \n\t\t\t alt=\"Vid\u00e9os\" title=\"Christian SORRIANO, Expert en Art &amp; Pr\u00e9sident de Drouot Cotation \u00e0 Paris.\" \/>\n\t\t\t \t\t\t \t\t\t <div class=\"play-btn\"><i class=\"fa fa-play-circle-o\"><\/i><\/div>\n\t\t\t\t\t\t\t<div class=\"overlay you-overlay\">\n\t\t\t\t\t<h2 class=\"youtube-title\">Christian SORRIANO, Expert en Art &amp; Pr\u00e9sident de Drouot Cotation \u00e0 Paris.<\/h2>\n\t\t\t\t\t\t\t\t\t<button class=\"info youtube-btn\">\n\t\t\t\t\t\tVoir\t\t\t\t\t<\/button>\n\t\t\t\t\t\t\t\t<\/div>\n\t\t\t<\/a>\n\t\t<\/div>\n\t\t<\/div>\n\t\t\t\t\n\n\t\t<div class=\"gcolumn-2 you-gallery you-gallery9930 hover ehover13 gb-masonry9930\">\n\t\t<div class=\"you-margin gbox-youtube\">\n\t\t\t<a class=\"gb-light youlight\" data-autoplay=\"true\" data-vbtype=\"video\" href=\"https:\/\/youtu.be\/7__eIRyIzpI\" data-gall=\"yougallery9930\" title=\"Bistro \u00e0 Champlain\">\n\t\t\t\t\t\t <img decoding=\"async\" src=\"\/\/img.youtube.com\/vi\/7__eIRyIzpI\/hqdefault.jpg\" \n\t\t\t alt=\"Vid\u00e9os\" title=\"Bistro \u00e0 Champlain\" \/>\n\t\t\t \t\t\t \t\t\t <div class=\"play-btn\"><i class=\"fa fa-play-circle-o\"><\/i><\/div>\n\t\t\t\t\t\t\t<div class=\"overlay you-overlay\">\n\t\t\t\t\t<h2 class=\"youtube-title\">Bistro \u00e0 Champlain<\/h2>\n\t\t\t\t\t\t\t\t\t<button class=\"info youtube-btn\">\n\t\t\t\t\t\tVoir\t\t\t\t\t<\/button>\n\t\t\t\t\t\t\t\t<\/div>\n\t\t\t<\/a>\n\t\t<\/div>\n\t\t<\/div>\n\t\t\t\t\n\n\t\t<div class=\"gcolumn-2 you-gallery you-gallery9930 hover ehover13 gb-masonry9930\">\n\t\t<div class=\"you-margin gbox-youtube\">\n\t\t\t<a class=\"gb-light youlight\" data-autoplay=\"true\" data-vbtype=\"video\" href=\"https:\/\/www.youtube.com\/watch?v=ZkoFf2S8gHg\" data-gall=\"yougallery9930\" title=\"EN PRIMEUR - Documentaire saisissant sur l&#039;oeuvre de Charles Carson.\">\n\t\t\t\t\t\t <img decoding=\"async\" src=\"\/\/img.youtube.com\/vi\/ZkoFf2S8gHg\/hqdefault.jpg\" \n\t\t\t alt=\"Vid\u00e9os\" title=\"EN PRIMEUR - Documentaire saisissant sur l&#039;oeuvre de Charles Carson.\" \/>\n\t\t\t \t\t\t \t\t\t <div class=\"play-btn\"><i class=\"fa fa-play-circle-o\"><\/i><\/div>\n\t\t\t\t\t\t\t<div class=\"overlay you-overlay\">\n\t\t\t\t\t<h2 class=\"youtube-title\">EN PRIMEUR - Documentaire saisissant sur l&#039;oeuvre de Charles Carson.<\/h2>\n\t\t\t\t\t\t\t\t\t<button class=\"info youtube-btn\">\n\t\t\t\t\t\tVoir\t\t\t\t\t<\/button>\n\t\t\t\t\t\t\t\t<\/div>\n\t\t\t<\/a>\n\t\t<\/div>\n\t\t<\/div>\n\t\t\t\t\n\n\t\t<div class=\"gcolumn-2 you-gallery you-gallery9930 hover ehover13 gb-masonry9930\">\n\t\t<div class=\"you-margin gbox-youtube\">\n\t\t\t<a class=\"gb-light youlight\" data-autoplay=\"true\" data-vbtype=\"video\" href=\"http:\/\/www.youtube.com\/watch?v=TvrjyruVBJ8\" data-gall=\"yougallery9930\" title=\"Fine Art USA - Jamie E. FORBES - historienne en art &amp; r\u00e9dactrice en chef - Ma\u00eetre Charles Carson\">\n\t\t\t\t\t\t <img decoding=\"async\" src=\"\/\/img.youtube.com\/vi\/TvrjyruVBJ8\/hqdefault.jpg\" \n\t\t\t alt=\"Vid\u00e9os\" title=\"Fine Art USA - Jamie E. FORBES - historienne en art &amp; r\u00e9dactrice en chef - Ma\u00eetre Charles Carson\" \/>\n\t\t\t \t\t\t \t\t\t <div class=\"play-btn\"><i class=\"fa fa-play-circle-o\"><\/i><\/div>\n\t\t\t\t\t\t\t<div class=\"overlay you-overlay\">\n\t\t\t\t\t<h2 class=\"youtube-title\">Fine Art USA - Jamie E. FORBES - historienne en art &amp; r\u00e9dactrice en chef - Ma\u00eetre Charles Carson<\/h2>\n\t\t\t\t\t\t\t\t\t<button class=\"info youtube-btn\">\n\t\t\t\t\t\tVoir\t\t\t\t\t<\/button>\n\t\t\t\t\t\t\t\t<\/div>\n\t\t\t<\/a>\n\t\t<\/div>\n\t\t<\/div>\n\t\t\t\t\n\n\t\t<div class=\"gcolumn-2 you-gallery you-gallery9930 hover ehover13 gb-masonry9930\">\n\t\t<div class=\"you-margin gbox-youtube\">\n\t\t\t<a class=\"gb-light youlight\" data-autoplay=\"true\" data-vbtype=\"video\" href=\"http:\/\/www.youtube.com\/watch?v=idBSS3u2uk4\" data-gall=\"yougallery9930\" title=\"Fabienne DOUKHAN, marchande d&#039;art et attach\u00e9 commercial pour la r\u00e9gion parisienne.\">\n\t\t\t\t\t\t <img decoding=\"async\" src=\"\/\/img.youtube.com\/vi\/idBSS3u2uk4\/hqdefault.jpg\" \n\t\t\t alt=\"Vid\u00e9os\" title=\"Fabienne DOUKHAN, marchande d&#039;art et attach\u00e9 commercial pour la r\u00e9gion parisienne.\" \/>\n\t\t\t \t\t\t \t\t\t <div class=\"play-btn\"><i class=\"fa fa-play-circle-o\"><\/i><\/div>\n\t\t\t\t\t\t\t<div class=\"overlay you-overlay\">\n\t\t\t\t\t<h2 class=\"youtube-title\">Fabienne DOUKHAN, marchande d&#039;art et attach\u00e9 commercial pour la r\u00e9gion parisienne.<\/h2>\n\t\t\t\t\t\t\t\t\t<button class=\"info youtube-btn\">\n\t\t\t\t\t\tVoir\t\t\t\t\t<\/button>\n\t\t\t\t\t\t\t\t<\/div>\n\t\t\t<\/a>\n\t\t<\/div>\n\t\t<\/div>\n\t\t\t\t\n\n\t\t<div class=\"gcolumn-2 you-gallery you-gallery9930 hover ehover13 gb-masonry9930\">\n\t\t<div class=\"you-margin gbox-youtube\">\n\t\t\t<a class=\"gb-light youlight\" data-autoplay=\"true\" data-vbtype=\"video\" href=\"http:\/\/www.youtube.com\/watch?v=4A9gXgO9P8Q\" data-gall=\"yougallery9930\" title=\"Inglewood Fine Arts Gallery\">\n\t\t\t\t\t\t <img decoding=\"async\" src=\"\/\/img.youtube.com\/vi\/4A9gXgO9P8Q\/hqdefault.jpg\" \n\t\t\t alt=\"Vid\u00e9os\" title=\"Inglewood Fine Arts Gallery\" \/>\n\t\t\t \t\t\t \t\t\t <div class=\"play-btn\"><i class=\"fa fa-play-circle-o\"><\/i><\/div>\n\t\t\t\t\t\t\t<div class=\"overlay you-overlay\">\n\t\t\t\t\t<h2 class=\"youtube-title\">Inglewood Fine Arts Gallery<\/h2>\n\t\t\t\t\t\t\t\t\t<button class=\"info youtube-btn\">\n\t\t\t\t\t\tVoir\t\t\t\t\t<\/button>\n\t\t\t\t\t\t\t\t<\/div>\n\t\t\t<\/a>\n\t\t<\/div>\n\t\t<\/div>\n\t\t\t\t\n\n\t\t<div class=\"gcolumn-2 you-gallery you-gallery9930 hover ehover13 gb-masonry9930\">\n\t\t<div class=\"you-margin gbox-youtube\">\n\t\t\t<a class=\"gb-light youlight\" data-autoplay=\"true\" data-vbtype=\"video\" href=\"http:\/\/www.youtube.com\/watch?v=sQ1io7YKxFA\" data-gall=\"yougallery9930\" title=\"LABORATOIRES LAE - Centre d&#039;Analyses et d&#039;Expertises scientifiques en Arch\u00e9ologie et Oeuvres d&#039;Art, Bordeaux, France.\">\n\t\t\t\t\t\t <img decoding=\"async\" src=\"\/\/img.youtube.com\/vi\/sQ1io7YKxFA\/hqdefault.jpg\" \n\t\t\t alt=\"Vid\u00e9os\" title=\"LABORATOIRES LAE - Centre d&#039;Analyses et d&#039;Expertises scientifiques en Arch\u00e9ologie et Oeuvres d&#039;Art, Bordeaux, France.\" \/>\n\t\t\t \t\t\t \t\t\t <div class=\"play-btn\"><i class=\"fa fa-play-circle-o\"><\/i><\/div>\n\t\t\t\t\t\t\t<div class=\"overlay you-overlay\">\n\t\t\t\t\t<h2 class=\"youtube-title\">LABORATOIRES LAE - Centre d&#039;Analyses et d&#039;Expertises scientifiques en Arch\u00e9ologie et Oeuvres d&#039;Art, Bordeaux, France.<\/h2>\n\t\t\t\t\t\t\t\t\t<button class=\"info youtube-btn\">\n\t\t\t\t\t\tVoir\t\t\t\t\t<\/button>\n\t\t\t\t\t\t\t\t<\/div>\n\t\t\t<\/a>\n\t\t<\/div>\n\t\t<\/div>\n\t\t\t\t\n\n\t\t<div class=\"gcolumn-2 you-gallery you-gallery9930 hover ehover13 gb-masonry9930\">\n\t\t<div class=\"you-margin gbox-youtube\">\n\t\t\t<a class=\"gb-light youlight\" data-autoplay=\"true\" data-vbtype=\"video\" href=\"http:\/\/www.youtube.com\/watch?v=JSEFsgefCk4\" data-gall=\"yougallery9930\" title=\"TVA - L&#039;explorateur Urbain 2002 - Dominic Arpin - Ma\u00eetre Charles Carson\">\n\t\t\t\t\t\t <img decoding=\"async\" src=\"\/\/img.youtube.com\/vi\/JSEFsgefCk4\/hqdefault.jpg\" \n\t\t\t alt=\"Vid\u00e9os\" title=\"TVA - L&#039;explorateur Urbain 2002 - Dominic Arpin - Ma\u00eetre Charles Carson\" \/>\n\t\t\t \t\t\t \t\t\t <div class=\"play-btn\"><i class=\"fa fa-play-circle-o\"><\/i><\/div>\n\t\t\t\t\t\t\t<div class=\"overlay you-overlay\">\n\t\t\t\t\t<h2 class=\"youtube-title\">TVA - L&#039;explorateur Urbain 2002 - Dominic Arpin - Ma\u00eetre Charles Carson<\/h2>\n\t\t\t\t\t\t\t\t\t<button class=\"info youtube-btn\">\n\t\t\t\t\t\tVoir\t\t\t\t\t<\/button>\n\t\t\t\t\t\t\t\t<\/div>\n\t\t\t<\/a>\n\t\t<\/div>\n\t\t<\/div>\n\t\t\t\t\n\n\t\t<div class=\"gcolumn-2 you-gallery you-gallery9930 hover ehover13 gb-masonry9930\">\n\t\t<div class=\"you-margin gbox-youtube\">\n\t\t\t<a class=\"gb-light youlight\" data-autoplay=\"true\" data-vbtype=\"video\" href=\"https:\/\/youtu.be\/KXQd4BG8WS4\" data-gall=\"yougallery9930\" title=\"Italia in Arte - Roberto Chiavarini, expert en Art - Maestro Charles Carson - Carsonisme\">\n\t\t\t\t\t\t <img decoding=\"async\" src=\"\/\/img.youtube.com\/vi\/KXQd4BG8WS4\/hqdefault.jpg\" \n\t\t\t alt=\"Vid\u00e9os\" title=\"Italia in Arte - Roberto Chiavarini, expert en Art - Maestro Charles Carson - Carsonisme\" \/>\n\t\t\t \t\t\t \t\t\t <div class=\"play-btn\"><i class=\"fa fa-play-circle-o\"><\/i><\/div>\n\t\t\t\t\t\t\t<div class=\"overlay you-overlay\">\n\t\t\t\t\t<h2 class=\"youtube-title\">Italia in Arte - Roberto Chiavarini, expert en Art - Maestro Charles Carson - Carsonisme<\/h2>\n\t\t\t\t\t\t\t\t\t<button class=\"info youtube-btn\">\n\t\t\t\t\t\tVoir\t\t\t\t\t<\/button>\n\t\t\t\t\t\t\t\t<\/div>\n\t\t\t<\/a>\n\t\t<\/div>\n\t\t<\/div>\n\t\t\t\t\n\n\t\t<div class=\"gcolumn-2 you-gallery you-gallery9930 hover ehover13 gb-masonry9930\">\n\t\t<div class=\"you-margin gbox-youtube\">\n\t\t\t<a class=\"gb-light youlight\" data-autoplay=\"true\" data-vbtype=\"video\" href=\"http:\/\/www.youtube.com\/watch?v=pZrJC9_MDyo\" data-gall=\"yougallery9930\" title=\"Marco Mejia - Medellin Colombia - Presente el maestro Charles Carson, creador del Carsonismo\">\n\t\t\t\t\t\t <img decoding=\"async\" src=\"\/\/img.youtube.com\/vi\/pZrJC9_MDyo\/hqdefault.jpg\" \n\t\t\t alt=\"Vid\u00e9os\" title=\"Marco Mejia - Medellin Colombia - Presente el maestro Charles Carson, creador del Carsonismo\" \/>\n\t\t\t \t\t\t \t\t\t <div class=\"play-btn\"><i class=\"fa fa-play-circle-o\"><\/i><\/div>\n\t\t\t\t\t\t\t<div class=\"overlay you-overlay\">\n\t\t\t\t\t<h2 class=\"youtube-title\">Marco Mejia - Medellin Colombia - Presente el maestro Charles Carson, creador del Carsonismo<\/h2>\n\t\t\t\t\t\t\t\t\t<button class=\"info youtube-btn\">\n\t\t\t\t\t\tVoir\t\t\t\t\t<\/button>\n\t\t\t\t\t\t\t\t<\/div>\n\t\t\t<\/a>\n\t\t<\/div>\n\t\t<\/div>\n\t\t\t\t\n\n\t\t<div class=\"gcolumn-2 you-gallery you-gallery9930 hover ehover13 gb-masonry9930\">\n\t\t<div class=\"you-margin gbox-youtube\">\n\t\t\t<a class=\"gb-light youlight\" data-autoplay=\"true\" data-vbtype=\"video\" href=\"http:\/\/www.youtube.com\/watch?v=gIuoDT9pgEg\" data-gall=\"yougallery9930\" title=\"Art Gallery Les Peintres Qu\u00e9b\u00e9cois - &quot;Artiste peintre International&quot; Ma\u00eetre Charles Carson\">\n\t\t\t\t\t\t <img decoding=\"async\" src=\"\/\/img.youtube.com\/vi\/gIuoDT9pgEg\/hqdefault.jpg\" \n\t\t\t alt=\"Vid\u00e9os\" title=\"Art Gallery Les Peintres Qu\u00e9b\u00e9cois - &quot;Artiste peintre International&quot; Ma\u00eetre Charles Carson\" \/>\n\t\t\t \t\t\t \t\t\t <div class=\"play-btn\"><i class=\"fa fa-play-circle-o\"><\/i><\/div>\n\t\t\t\t\t\t\t<div class=\"overlay you-overlay\">\n\t\t\t\t\t<h2 class=\"youtube-title\">Art Gallery Les Peintres Qu\u00e9b\u00e9cois - &quot;Artiste peintre International&quot; Ma\u00eetre Charles Carson<\/h2>\n\t\t\t\t\t\t\t\t\t<button class=\"info youtube-btn\">\n\t\t\t\t\t\tVoir\t\t\t\t\t<\/button>\n\t\t\t\t\t\t\t\t<\/div>\n\t\t\t<\/a>\n\t\t<\/div>\n\t\t<\/div>\n\t\t\t\t\n\n\t\t<div class=\"gcolumn-2 you-gallery you-gallery9930 hover ehover13 gb-masonry9930\">\n\t\t<div class=\"you-margin gbox-youtube\">\n\t\t\t<a class=\"gb-light youlight\" data-autoplay=\"true\" data-vbtype=\"video\" href=\"http:\/\/www.youtube.com\/watch?v=KXQd4BG8WS4\" data-gall=\"yougallery9930\" title=\"Italia in Arte - Roberto Chiavarini, expert en Art - Maestro Charles Carson - Carsonisme\">\n\t\t\t\t\t\t <img decoding=\"async\" src=\"\/\/img.youtube.com\/vi\/KXQd4BG8WS4\/hqdefault.jpg\" \n\t\t\t alt=\"Vid\u00e9os\" title=\"Italia in Arte - Roberto Chiavarini, expert en Art - Maestro Charles Carson - Carsonisme\" \/>\n\t\t\t \t\t\t \t\t\t <div class=\"play-btn\"><i class=\"fa fa-play-circle-o\"><\/i><\/div>\n\t\t\t\t\t\t\t<div class=\"overlay you-overlay\">\n\t\t\t\t\t<h2 class=\"youtube-title\">Italia in Arte - Roberto Chiavarini, expert en Art - Maestro Charles Carson - Carsonisme<\/h2>\n\t\t\t\t\t\t\t\t\t<button class=\"info youtube-btn\">\n\t\t\t\t\t\tVoir\t\t\t\t\t<\/button>\n\t\t\t\t\t\t\t\t<\/div>\n\t\t\t<\/a>\n\t\t<\/div>\n\t\t<\/div>\n\t\t\t\t\n\n\t\t<div class=\"gcolumn-2 you-gallery you-gallery9930 hover ehover13 gb-masonry9930\">\n\t\t<div class=\"you-margin gbox-youtube\">\n\t\t\t<a class=\"gb-light youlight\" data-autoplay=\"true\" data-vbtype=\"video\" href=\"http:\/\/www.youtube.com\/watch?v=Ot-05tlN3eY\" data-gall=\"yougallery9930\" title=\"Galerie Brocard - M. Claude Brocard, expert en art &amp; \u00e9valuateur agr\u00e9\u00e9e.\">\n\t\t\t\t\t\t <img decoding=\"async\" src=\"\/\/img.youtube.com\/vi\/Ot-05tlN3eY\/hqdefault.jpg\" \n\t\t\t alt=\"Vid\u00e9os\" title=\"Galerie Brocard - M. Claude Brocard, expert en art &amp; \u00e9valuateur agr\u00e9\u00e9e.\" \/>\n\t\t\t \t\t\t \t\t\t <div class=\"play-btn\"><i class=\"fa fa-play-circle-o\"><\/i><\/div>\n\t\t\t\t\t\t\t<div class=\"overlay you-overlay\">\n\t\t\t\t\t<h2 class=\"youtube-title\">Galerie Brocard - M. Claude Brocard, expert en art &amp; \u00e9valuateur agr\u00e9\u00e9e.<\/h2>\n\t\t\t\t\t\t\t\t\t<button class=\"info youtube-btn\">\n\t\t\t\t\t\tVoir\t\t\t\t\t<\/button>\n\t\t\t\t\t\t\t\t<\/div>\n\t\t\t<\/a>\n\t\t<\/div>\n\t\t<\/div>\n\t\t\t\t\n    <\/div>\n \n\n \n \n<p>&nbsp;<\/p>\n<p>&nbsp;<\/p>\n<p><span style=\"color: #ffffff;\">.<\/span><\/p>\n<p><span style=\"color: #ffffff;\">.<\/span><\/p>\n<p><span style=\"color: #ffffff;\">.<\/span><\/p>\n<p><span style=\"color: #ffffff;\">.<\/span><\/p>\n<p><span style=\"color: #ffffff;\">Attention aux imitations, St\u00e9phanie Rivet \u2013 \u00c9ric Dupont \u2013 Patrick P\u00e9pin &#8211; Galerie d\u2019art Beauchamp \u2013 Le Luxart \u2013 Bel Art Gallery \u2013 Galerry Rufus \u2013 Galerie d\u2019art Emeraude \u2013 Beauchamp Art Gallery \u2013 Galerie Courtemanche \u2013 Latitude Art Gallery \u2013 Whistler Village Art Stephanie Rivet \u2013 Eric Dupont \u2013 Gallery \u2013 Les Galeries d\u2019art Beauchamp \u2013 Hazelton Fine A<em id=\"__mceDel\">rt Galleries \u2013 Galerie d\u2019art Ambiance &#8211; Chantal Malet &#8211; Galerie d&rsquo;art C\u00e9leste.<\/em><\/span><\/p>\n<p>&nbsp;<\/p>\n","protected":false},"excerpt":{"rendered":"<p>&nbsp; &nbsp; . . . . Attention aux imitations, St\u00e9phanie Rivet \u2013 \u00c9ric Dupont \u2013 Patrick P\u00e9pin &#8211; Galerie d\u2019art Beauchamp \u2013 Le Luxart \u2013 Bel Art Gallery \u2013 Galerry Rufus \u2013 Galerie d\u2019art Emeraude \u2013 Beauchamp Art Gallery \u2013 Galerie Courtemanche \u2013 Latitude Art Gallery \u2013 Whistler Village Art Stephanie Rivet \u2013 Eric Dupont \u2013 Gallery \u2013 Les Galeries d\u2019art Beauchamp \u2013 Hazelton Fine Art Galleries \u2013 Galerie d\u2019art Ambiance &#8211; Chantal Malet &#8211; [&hellip;]<\/p>\n<div align=\"right\"><a href=\"https:\/\/charlescarson.com\/?p=9930&#038;catID=\" class=\"read-more\">Voir article complet&#8230;<\/a><\/div>\n","protected":false},"author":2,"featured_media":0,"parent":0,"menu_order":20,"comment_status":"open","ping_status":"open","template":"fullwidth.php","meta":{"footnotes":""},"class_list":["post-2","page","type-page","status-publish","hentry"],"_links":{"self":[{"href":"https:\/\/charlescarson.com\/index.php?rest_route=\/wp\/v2\/pages\/2","targetHints":{"allow":["GET"]}}],"collection":[{"href":"https:\/\/charlescarson.com\/index.php?rest_route=\/wp\/v2\/pages"}],"about":[{"href":"https:\/\/charlescarson.com\/index.php?rest_route=\/wp\/v2\/types\/page"}],"author":[{"embeddable":true,"href":"https:\/\/charlescarson.com\/index.php?rest_route=\/wp\/v2\/users\/2"}],"replies":[{"embeddable":true,"href":"https:\/\/charlescarson.com\/index.php?rest_route=%2Fwp%2Fv2%2Fcomments&post=2"}],"version-history":[{"count":22,"href":"https:\/\/charlescarson.com\/index.php?rest_route=\/wp\/v2\/pages\/2\/revisions"}],"predecessor-version":[{"id":9942,"href":"https:\/\/charlescarson.com\/index.php?rest_route=\/wp\/v2\/pages\/2\/revisions\/9942"}],"wp:attachment":[{"href":"https:\/\/charlescarson.com\/index.php?rest_route=%2Fwp%2Fv2%2Fmedia&parent=2"}],"curies":[{"name":"wp","href":"https:\/\/api.w.org\/{rel}","templated":true}]}}