{"id":10347,"date":"2023-09-21T08:34:16","date_gmt":"2023-09-21T13:34:16","guid":{"rendered":"https:\/\/charlescarson.com\/?page_id=10347"},"modified":"2023-09-21T08:34:16","modified_gmt":"2023-09-21T13:34:16","slug":"politique-de-confidentialite","status":"publish","type":"page","link":"https:\/\/charlescarson.com\/?page_id=10347","title":{"rendered":"Politique de confidentialit\u00e9"},"content":{"rendered":"<p><strong>POLITIQUE DE VIE PRIV\u00c9E<\/strong><\/p>\n<p>Charles Carson (ci-apr\u00e8s \u00abCC\u00bb, \u00ab nous \u00bb et \u00ab notre \u00bb) tient \u00e0 vous informer de l\u2019usage que nous faisons des renseignements que nous recueillons lorsque vous visitez notre site Web (ou encore nos plateformes de m\u00e9dias sociaux) ainsi que lorsque vous visitez les sites de nos compagnies affili\u00e9es faisant l\u2019objet d\u2019un hyperlien que nous autorisons (ci-apr\u00e8s le \u00ab Site \u00bb). Par cons\u00e9quent, la pr\u00e9sente Politique de vie priv\u00e9e (ci-apr\u00e8s la \u00ab Politique \u00bb) d\u00e9finit la fa\u00e7on dont nous recueillons, utilisons, divulguons et traitons les renseignements que vous nous communiquez lorsque vous utilisez le Site.<\/p>\n<p>&nbsp;<\/p>\n<p><strong>RENSEIGNEMENTS PERSONNELS<\/strong><\/p>\n<p>Les renseignements personnels (ci-apr\u00e8s \u00abRP\u00bb) sont des renseignements concernant une personne identifiable. C\u2019est-\u00e0-dire, des informations qui peuvent \u00eatre utilis\u00e9es afin de vous identifier. Dans certaines circonstances bien particuli\u00e8res, soit lors d&rsquo;envoi de\u00a0 courriels ou messages, CC demande que vous inscriviez vos nom, pr\u00e9nom, adresse, adresse de courriel et certains autres renseignements dans un formulaire \u00e0 l&rsquo;\u00e9cran.<\/p>\n<p>Nos serveurs peuvent aussi recueillir l\u2019adresse IP de votre ordinateur et le nom de votre fournisseur de service Internet. Dans la plupart des cas, ces renseignements ne sont pas des RP mais plut\u00f4t des Donn\u00e9es de navigation, et nous vous renvoyons \u00e0 la section \u00ab Donn\u00e9es de navigation \u00bb ci-dessous pour mieux comprendre notre politique \u00e0 ce sujet.<\/p>\n<p>&nbsp;<\/p>\n<p><strong>1. Comment les RP sont-ils utilis\u00e9s ?<\/strong><\/p>\n<p>La collecte des RP nous permet de pouvoir vous donner un service plus pertinent \u00e0 vos besoins, am\u00e9liorer le contenu, l\u2019interface et les caract\u00e9ristiques du Site en fonction de l\u2019information recueillie,\u00a0 si vous nous en avez signifi\u00e9 le d\u00e9sir, de vous faire parvenir, ponctuellement, de l&rsquo;information par courriel. Ces donn\u00e9es sont utilis\u00e9es \u00e9galement \u00e0 des fins de contr\u00f4le et visent l\u2019am\u00e9lioration de l\u2019utilisation.<\/p>\n<p>&nbsp;<\/p>\n<p><strong>2. Les RP sont-ils partag\u00e9s avec des tiers ?<\/strong><\/p>\n<p>Nous ne transf\u00e9rons, ne vendons et ne divulguons pas vos RP de quelque mani\u00e8re que ce soit \u00e0 une tierce partie,\u00a0 autres clients ou partenaires, sans avoir pr\u00e9alablement obtenu votre consentement. Nonobstant ce qui pr\u00e9c\u00e8de, vos RP peuvent \u00eatre communiqu\u00e9s : stocker ou traiter ces renseignements au nom et pour le compte de CC selon des ententes contractuelles garantissant la confidentialit\u00e9 et la s\u00e9curit\u00e9 de ces RP.<\/p>\n<p>&nbsp;<\/p>\n<p><strong>3. Comment et pendant combien de temps les RP sont-ils conserv\u00e9s ?<\/strong><\/p>\n<p>Les RP recueillis sont sauvegard\u00e9s dans des serveurs inaccessibles au public et sont prot\u00e9g\u00e9s au moyen de mesures de s\u00e9curit\u00e9 appropri\u00e9es. Ainsi, soyez assur\u00e9s que des mesures de s\u00e9curit\u00e9 sont mises en place pour prot\u00e9ger vos donn\u00e9es contre la perte, le vol, la consultation, la copie, l\u2019utilisation ou les modifications non autoris\u00e9es.<\/p>\n<p>Nous ne conserverons les RP que dans la mesure o\u00f9 elles demeurent n\u00e9cessaires ou pertinentes aux fins mentionn\u00e9es dans la Politique ou conform\u00e9ment aux exigences de la loi.<\/p>\n<p>&nbsp;<\/p>\n<p><strong>4. Quels sont les risques?<\/strong><\/p>\n<p>Nonobstant ce qui pr\u00e9c\u00e8de, et malgr\u00e9 notre bonne volont\u00e9 et nos mesures mises en place, aucune transmission de donn\u00e9es sur le Site ni sur Internet en g\u00e9n\u00e9ral n\u2019est totalement garantie ou sans risque. Nous ne pouvons ainsi garantir la s\u00e9curit\u00e9 absolue de vos RP et nous ne pouvons donc accepter toute responsabilit\u00e9 concernant les tiers qui pourraient en faire usage ou mauvais usage, une interception en cours de transmission par le biais de l\u2019Internet ou faisant l\u2019objet de piratage informatique ou de fraude.<\/p>\n<p>Soyez vigilants, notre Site peut contenir des liens vers des sites Web g\u00e9r\u00e9s par des tiers ; ces liens ne vous sont propos\u00e9s que pour votre agr\u00e9ment. L&rsquo;activation de ces liens vous fait quitter le Site. Sachez que le Site et CC n&rsquo;exercent aucun contr\u00f4le sur les sites Web des tiers et que le fait que ces liens soient r\u00e9pertori\u00e9s sur le Site n&rsquo;engage en aucun cas la responsabilit\u00e9 de CC. De plus, sachez que certains tiers peuvent recueillir vos donn\u00e9es \u00e0 notre insu, telle que votre adresse IP et vos donn\u00e9es de navigation. Nous mettons tout en \u0153uvre pour que cela ne se produise pas, mais certaines pratiques de tiers demeurent hors de notre contr\u00f4le.<\/p>\n<p>Par ailleurs, la diffusion volontaire de RP lors de sessions de chat par messagerie,\u00a0 ou sur toute page interactive o\u00f9 vous contribuez publiquement par la mise en ligne de contenu que vous g\u00e9n\u00e9rez n&rsquo;est pas couverte par la pr\u00e9sente Politique. La vigilance est de mise lorsque vous communiquez vos RP par ces moyens et nous vous prions de prendre connaissance de nos Conditions d\u2019utilisation. CC se d\u00e9gage de toute responsabilit\u00e9 \u00e0 cet \u00e9gard. Nous vous conseillons, en tout temps, de demeurer prudent et attentif lorsque vous \u00eates en ligne, naviguez sur Internet et lorsque vous cr\u00e9ez du contenu sur Internet par l\u2019ajout, notamment, de commentaires.<\/p>\n<p>&nbsp;<\/p>\n<p><strong>5. Pouvez-vous acc\u00e9der \u00e0 vos RP?<\/strong><\/p>\n<p>Oui, vous pouvez acc\u00e9der aux RP vous concernant ou en demander la rectification en pr\u00e9sentant une demande \u00e9crite \u00e0 vie-prive@artacademie.com. Nous serons en mesure de r\u00e9pondre \u00e0 votre demande que dans le cas o\u00f9 nous avons un dossier personnalis\u00e9 vous concernant (ce qui est le cas lorsque vous nous avez communiqu\u00e9, ou que vous consentez \u00e0 nous communiquer, des RP).<\/p>\n<p>&nbsp;<\/p>\n<p><strong>DONN\u00c9ES DE NAVIGATION<\/strong><\/p>\n<p><strong>1. Que signifient les \u00ab Donn\u00e9es de navigation \u00bb, et comment sont-elles collect\u00e9es ?<\/strong><\/p>\n<p>Les Donn\u00e9es de navigation \u00bb sont des donn\u00e9es anonymes concernant votre activit\u00e9 de navigation ou votre appareil. Par exemple, des donn\u00e9es concernant votre adresse IP, votre historique de navigation, le contenu de ces pages, le nombre de clics que vous effectuez, votre type d\u2019appareil, le site dont vous provenez et le site vers lequel vous allez en quittant le n\u00f4tre, votre lieu g\u00e9ographique impr\u00e9cis, votre courriel hach\u00e9, ainsi que les publicit\u00e9s et vid\u00e9os consult\u00e9es sur le site.<\/p>\n<p>Les Donn\u00e9es de navigation sont collect\u00e9es en utilisant des fichiers t\u00e9moins (\u00ab cookies \u00bb), soit des petits fichiers de donn\u00e9es qui s\u2019inscrivent sur le disque dur de vos appareils \u00e9lectroniques lorsque vous naviguez sur ce site. Ces fichiers t\u00e9moins sont automatiquement transmis par le serveur de ce site vers le navigateur de votre appareil et sont archiv\u00e9s, par d\u00e9faut, sur le disque dur de ce dernier.<\/p>\n<p>Les Donn\u00e9es de navigation sont anonymes, de sorte que nous ne les utilisons pas dans le but de d\u00e9couvrir votre identit\u00e9 (par couplage ou autrement). Elles ne sont utilis\u00e9es que pour les fins d\u00e9crites ci-apr\u00e8s.<\/p>\n<p>&nbsp;<\/p>\n<p><strong>2. Qui collecte les Donn\u00e9es de navigation ?<\/strong><\/p>\n<p>Les Donn\u00e9es de navigation sont ou peuvent \u00eatre collect\u00e9es, en tout ou en partie, par (i) nous, soit CC,\u00a0 et (ii) certaines soci\u00e9t\u00e9s avec lesquelles nous collaborons \u00e0 des fins commerciales ou non commerciales (telles que partenaires de contenus, fournisseurs de services, de solutions ou de plateformes technologiques reli\u00e9s \u00e0 ce site) (\u00ab Partenaires \u00bb).<\/p>\n<p>Les donn\u00e9es que nous pouvons recueillir ainsi que nos Partenaires sont dites \u00ab non sensibles \u00bb et sont sous une forme d\u00e9personnalis\u00e9e. De plus, nos Partenaires sont tenus par la loi d\u2019adh\u00e9rer aux principes reconnus de protection des renseignements personnels et respecter leurs propres politiques en mati\u00e8re de protection de vie priv\u00e9e.<\/p>\n<p>&nbsp;<\/p>\n<p><strong>3. Comment les Donn\u00e9es de navigation sont-elles utilis\u00e9es ?<\/strong><\/p>\n<p>Ces renseignements sont collect\u00e9s afin de nous permettre :<\/p>\n<p>(a) de g\u00e9n\u00e9rer des donn\u00e9es statistiques concernant notre niveau de lectorat, la performance et l\u2019utilisation de nos sites et de leurs contenus et le genre de personne pour qui ils suscitent de l\u2019int\u00e9r\u00eat;<br \/>\n(b) d\u2019am\u00e9liorer votre exp\u00e9rience de navigation. Par exemple, les donn\u00e9es sur votre navigateur [\u00e0 savoir les fonctions de langue, le fuseau horaire et le module d\u2019extensions] vous seront propos\u00e9es par d\u00e9faut lors de vos visites subs\u00e9quentes sur ce site afin que vous n\u2019ayez pas \u00e0 saisir, de fa\u00e7on r\u00e9p\u00e9titive, certains param\u00e8tres qui vous sont propres ; et<br \/>\n(c) de vous fournir des publicit\u00e9s en lien avec vos int\u00e9r\u00eats, comme par exemple des publicit\u00e9s en lien avec les sites et contenus que vous avez consult\u00e9s.<\/p>\n<p>&nbsp;<\/p>\n<p><strong>4. Comment pouvez-vous \u00e9viter la collecte de vos Donn\u00e9es de navigation ?<\/strong><\/p>\n<p>Vous pouvez en tout temps, \u00e0 partir de votre navigateur, simplement effacer les t\u00e9moins pr\u00e9sents sur vos ordinateurs ou d\u00e9sactiver enti\u00e8rement la fonctionnalit\u00e9 qui conserve ou archive des t\u00e9moins sur ce site. Certaines fonctionnalit\u00e9s existent \u00e9galement afin de vous permettre de d\u00e9sactiver certains t\u00e9moins et conserver uniquement les t\u00e9moins que vous d\u00e9sirez. Si cela vous int\u00e9resse, r\u00e9f\u00e9rez-vous aux param\u00e8tres de votre navigateur.<\/p>\n<p>Si vous choisissez de d\u00e9sactiver ces t\u00e9moins, vous pourrez tout de m\u00eame acc\u00e9der \u00e0 l&rsquo;information se trouvant sur ce site. Cette d\u00e9sactivation fera toutefois en sorte que ce site vous traitera comme un nouvel usager \u00e0 chacune de vos visites et que seules des publicit\u00e9s al\u00e9atoires et non personnalis\u00e9es vous seront diffus\u00e9es.<\/p>\n<p>Il se peut toutefois que certaines fonctionnalit\u00e9s avanc\u00e9es de ce site soient involontairement affect\u00e9es, certains t\u00e9moins assurant les interrelations entre les diverses pages de celui-ci. Si cette d\u00e9sactivation affecte votre navigation, nous vous invitons \u00e0 communiquer, en tout temps, avec nous par l\u2019entremise de nos coordonn\u00e9es disponibles sur ce site.<\/p>\n<p>&nbsp;<\/p>\n<p><strong>DONN\u00c9ES BRUTES<\/strong><\/p>\n<p>Le site utilise des scripts de tiers pour recueillir des donn\u00e9es brutes \u00e0 partir des senseurs d&rsquo;appareils mobiles connect\u00e9s \u00e0 l\u2019Internet et interagissant avec notre site Web et ce, dans le but d\u2019optimiser l\u2019affichage de la publicit\u00e9 sur notre Site. Les Donn\u00e9es brutes fournissent des informations li\u00e9es au contexte physique d\u2019un appareil mobile utilis\u00e9 pour interagir avec notre site Web, tel son positionnement dans l\u2019espace. Le script ne collecte, ne conserve et ne traite aucun renseignement personnel ni aucune donn\u00e9e de g\u00e9olocalisation. Les Donn\u00e9es brutes collect\u00e9es sont anonymes et ne contiennent aucune information permettant l\u2019identification d\u2019une personne.<\/p>\n<p>\u00c0 tout moment, vous pouvez restreindre l&rsquo;acc\u00e8s aux Donn\u00e9es brutes de votre appareil mobile. Pour restreindre l&rsquo;acc\u00e8s de votre navigateur Web aux Donn\u00e9es brutes, vous devez d\u00e9sactiver sa transmission \u00e0 partir des param\u00e8tres et options de pr\u00e9f\u00e9rences du syst\u00e8me d&rsquo;exploitation de votre appareil mobile.<\/p>\n<p>&nbsp;<\/p>\n<p>RESPONSABLE DE LA PROTECTION DES RENSEIGNEMENTS PERSONNELS<\/p>\n<p>Charles Carson, responsable de la protection des renseignements personnels : vie-prive@artacademie.com<\/p>\n<p>&nbsp;<\/p>\n","protected":false},"excerpt":{"rendered":"<p>POLITIQUE DE VIE PRIV\u00c9E Charles Carson (ci-apr\u00e8s \u00abCC\u00bb, \u00ab nous \u00bb et \u00ab notre \u00bb) tient \u00e0 vous informer de l\u2019usage que nous faisons des renseignements que nous recueillons lorsque vous visitez notre site Web (ou encore nos plateformes de m\u00e9dias sociaux) ainsi que lorsque vous visitez les sites de nos compagnies affili\u00e9es faisant l\u2019objet d\u2019un hyperlien que nous autorisons (ci-apr\u00e8s le \u00ab Site \u00bb). Par cons\u00e9quent, la pr\u00e9sente Politique de vie priv\u00e9e (ci-apr\u00e8s la [&hellip;]<\/p>\n<div align=\"right\"><a href=\"https:\/\/charlescarson.com\/?page_id=10347&#038;catID=\" class=\"read-more\">Voir article complet&#8230;<\/a><\/div>\n","protected":false},"author":5,"featured_media":0,"parent":0,"menu_order":0,"comment_status":"closed","ping_status":"closed","template":"","meta":{"footnotes":""},"class_list":["post-10347","page","type-page","status-publish","hentry"],"_links":{"self":[{"href":"https:\/\/charlescarson.com\/index.php?rest_route=\/wp\/v2\/pages\/10347","targetHints":{"allow":["GET"]}}],"collection":[{"href":"https:\/\/charlescarson.com\/index.php?rest_route=\/wp\/v2\/pages"}],"about":[{"href":"https:\/\/charlescarson.com\/index.php?rest_route=\/wp\/v2\/types\/page"}],"author":[{"embeddable":true,"href":"https:\/\/charlescarson.com\/index.php?rest_route=\/wp\/v2\/users\/5"}],"replies":[{"embeddable":true,"href":"https:\/\/charlescarson.com\/index.php?rest_route=%2Fwp%2Fv2%2Fcomments&post=10347"}],"version-history":[{"count":4,"href":"https:\/\/charlescarson.com\/index.php?rest_route=\/wp\/v2\/pages\/10347\/revisions"}],"predecessor-version":[{"id":10351,"href":"https:\/\/charlescarson.com\/index.php?rest_route=\/wp\/v2\/pages\/10347\/revisions\/10351"}],"wp:attachment":[{"href":"https:\/\/charlescarson.com\/index.php?rest_route=%2Fwp%2Fv2%2Fmedia&parent=10347"}],"curies":[{"name":"wp","href":"https:\/\/api.w.org\/{rel}","templated":true}]}}